{"id":2,"date":"2021-01-12T20:45:36","date_gmt":"2021-01-12T19:45:36","guid":{"rendered":""},"modified":"2021-01-29T12:46:43","modified_gmt":"2021-01-29T11:46:43","slug":"beispiel-seite","status":"publish","type":"page","link":"http:\/\/www.bigbam.at\/","title":{"rendered":"BIGBAM"},"content":{"rendered":"\n<p>Unsere Firma wurde 2011 gegr\u00fcndet und hat seither eine Menge hochqualitativer Arbeiten im \u00f6ffentlichen und gewerblichen, als auch im privaten Bereich durchgef\u00fchrt. Bigbam verf\u00fcgt mittlerweile \u00fcber eine breite Palette an Mietger\u00e4ten und Mietmaschinen und leistet immer wieder gro\u00dfartige Dinge f\u00fcr die ganze Gemeinschaft.<\/p>\n\n\n\n<blockquote class=\"wp-block-quote is-layout-flow wp-block-quote-is-layout-flow\"><p>Hr. Franz Bigler<br>Im Sand 38<br>3472 Hohenwarth<br>Telefon: +43 (0)2957 \/ 723<br>Handy: +43 (0)664 \/ 738 50 875<br><a href=\"mailto:franz@bigbam.at\">Mail: franz&nbsp;@&nbsp;bigbam.at<\/a><\/p><\/blockquote>\n\n\n\n<p><img loading=\"lazy\" decoding=\"async\" width=\"150\" height=\"34\" class=\"wp-image-120\" style=\"width: 150px;\" src=\"http:\/\/www.bigholz.at\/bigbam\/wp-content\/uploads\/2021\/01\/eurocomach.gif\" alt=\"\">  Ihr Ansprechpartner f\u00fcr \u00d6sterreich &#8211; Hr. Franz Bigler<\/p>\n\n\n\n<figure class=\"wp-block-gallery columns-6 is-cropped wp-block-gallery-1 is-layout-flex wp-block-gallery-is-layout-flex\"><ul class=\"blocks-gallery-grid\"><li class=\"blocks-gallery-item\"><figure><img loading=\"lazy\" decoding=\"async\" width=\"160\" height=\"120\" src=\"http:\/\/www.bigholz.at\/bigbam\/wp-content\/uploads\/2021\/01\/euro_049.jpg\" alt=\"\" data-id=\"129\" data-full-url=\"http:\/\/www.bigholz.at\/bigbam\/wp-content\/uploads\/2021\/01\/euro_049.jpg\" data-link=\"http:\/\/www.bigholz.at\/bigbam\/?attachment_id=129\" class=\"wp-image-129\"\/><\/figure><\/li><li class=\"blocks-gallery-item\"><figure><img loading=\"lazy\" decoding=\"async\" width=\"160\" height=\"120\" src=\"http:\/\/www.bigholz.at\/bigbam\/wp-content\/uploads\/2021\/01\/euro_072.jpg\" alt=\"\" data-id=\"130\" data-full-url=\"http:\/\/www.bigholz.at\/bigbam\/wp-content\/uploads\/2021\/01\/euro_072.jpg\" data-link=\"http:\/\/www.bigholz.at\/bigbam\/?attachment_id=130\" class=\"wp-image-130\"\/><\/figure><\/li><li class=\"blocks-gallery-item\"><figure><img loading=\"lazy\" decoding=\"async\" width=\"160\" height=\"120\" src=\"http:\/\/www.bigholz.at\/bigbam\/wp-content\/uploads\/2021\/01\/euro_107.jpg\" alt=\"\" data-id=\"131\" data-full-url=\"http:\/\/www.bigholz.at\/bigbam\/wp-content\/uploads\/2021\/01\/euro_107.jpg\" data-link=\"http:\/\/www.bigholz.at\/bigbam\/?attachment_id=131\" class=\"wp-image-131\"\/><\/figure><\/li><li class=\"blocks-gallery-item\"><figure><img loading=\"lazy\" decoding=\"async\" width=\"160\" height=\"120\" src=\"http:\/\/www.bigholz.at\/bigbam\/wp-content\/uploads\/2021\/01\/euro_088.jpg\" alt=\"\" data-id=\"132\" data-full-url=\"http:\/\/www.bigholz.at\/bigbam\/wp-content\/uploads\/2021\/01\/euro_088.jpg\" data-link=\"http:\/\/www.bigholz.at\/bigbam\/?attachment_id=132\" class=\"wp-image-132\"\/><\/figure><\/li><li class=\"blocks-gallery-item\"><figure><img loading=\"lazy\" decoding=\"async\" width=\"160\" height=\"120\" src=\"http:\/\/www.bigholz.at\/bigbam\/wp-content\/uploads\/2021\/01\/euro_093.jpg\" alt=\"\" data-id=\"133\" data-full-url=\"http:\/\/www.bigholz.at\/bigbam\/wp-content\/uploads\/2021\/01\/euro_093.jpg\" data-link=\"http:\/\/www.bigholz.at\/bigbam\/?attachment_id=133\" class=\"wp-image-133\"\/><\/figure><\/li><li class=\"blocks-gallery-item\"><figure><img loading=\"lazy\" decoding=\"async\" width=\"160\" height=\"120\" src=\"http:\/\/www.bigholz.at\/bigbam\/wp-content\/uploads\/2021\/01\/euro_111.jpg\" alt=\"\" data-id=\"134\" data-full-url=\"http:\/\/www.bigholz.at\/bigbam\/wp-content\/uploads\/2021\/01\/euro_111.jpg\" data-link=\"http:\/\/www.bigholz.at\/bigbam\/?attachment_id=134\" class=\"wp-image-134\"\/><\/figure><\/li><li class=\"blocks-gallery-item\"><figure><img loading=\"lazy\" decoding=\"async\" width=\"160\" height=\"120\" src=\"http:\/\/www.bigholz.at\/bigbam\/wp-content\/uploads\/2021\/01\/euro_119.jpg\" alt=\"\" data-id=\"135\" data-full-url=\"http:\/\/www.bigholz.at\/bigbam\/wp-content\/uploads\/2021\/01\/euro_119.jpg\" data-link=\"http:\/\/www.bigholz.at\/bigbam\/?attachment_id=135\" class=\"wp-image-135\"\/><\/figure><\/li><li class=\"blocks-gallery-item\"><figure><img loading=\"lazy\" decoding=\"async\" width=\"160\" height=\"120\" src=\"http:\/\/www.bigholz.at\/bigbam\/wp-content\/uploads\/2021\/01\/euro_058.jpg\" alt=\"\" data-id=\"136\" data-full-url=\"http:\/\/www.bigholz.at\/bigbam\/wp-content\/uploads\/2021\/01\/euro_058.jpg\" data-link=\"http:\/\/www.bigholz.at\/bigbam\/?attachment_id=136\" class=\"wp-image-136\"\/><\/figure><\/li><li class=\"blocks-gallery-item\"><figure><img loading=\"lazy\" decoding=\"async\" width=\"160\" height=\"120\" src=\"http:\/\/www.bigholz.at\/bigbam\/wp-content\/uploads\/2021\/01\/euro_061.jpg\" alt=\"\" data-id=\"137\" data-full-url=\"http:\/\/www.bigholz.at\/bigbam\/wp-content\/uploads\/2021\/01\/euro_061.jpg\" data-link=\"http:\/\/www.bigholz.at\/bigbam\/?attachment_id=137\" class=\"wp-image-137\"\/><\/figure><\/li><li class=\"blocks-gallery-item\"><figure><img loading=\"lazy\" decoding=\"async\" width=\"160\" height=\"120\" src=\"http:\/\/www.bigholz.at\/bigbam\/wp-content\/uploads\/2021\/01\/euro_121.jpg\" alt=\"\" data-id=\"138\" data-full-url=\"http:\/\/www.bigholz.at\/bigbam\/wp-content\/uploads\/2021\/01\/euro_121.jpg\" data-link=\"http:\/\/www.bigholz.at\/bigbam\/?attachment_id=138\" class=\"wp-image-138\"\/><\/figure><\/li><li class=\"blocks-gallery-item\"><figure><img loading=\"lazy\" decoding=\"async\" width=\"160\" height=\"120\" src=\"http:\/\/www.bigholz.at\/bigbam\/wp-content\/uploads\/2021\/01\/euro_103.jpg\" alt=\"\" data-id=\"139\" data-full-url=\"http:\/\/www.bigholz.at\/bigbam\/wp-content\/uploads\/2021\/01\/euro_103.jpg\" data-link=\"http:\/\/www.bigholz.at\/bigbam\/?attachment_id=139\" class=\"wp-image-139\"\/><\/figure><\/li><li class=\"blocks-gallery-item\"><figure><img loading=\"lazy\" decoding=\"async\" width=\"160\" height=\"120\" src=\"http:\/\/www.bigholz.at\/bigbam\/wp-content\/uploads\/2021\/01\/euro_064.jpg\" alt=\"\" data-id=\"140\" data-full-url=\"http:\/\/www.bigholz.at\/bigbam\/wp-content\/uploads\/2021\/01\/euro_064.jpg\" data-link=\"http:\/\/www.bigholz.at\/bigbam\/?attachment_id=140\" class=\"wp-image-140\"\/><\/figure><\/li><li class=\"blocks-gallery-item\"><figure><img loading=\"lazy\" decoding=\"async\" width=\"160\" height=\"120\" src=\"http:\/\/www.bigholz.at\/bigbam\/wp-content\/uploads\/2021\/01\/euro_046.jpg\" alt=\"\" data-id=\"141\" data-full-url=\"http:\/\/www.bigholz.at\/bigbam\/wp-content\/uploads\/2021\/01\/euro_046.jpg\" data-link=\"http:\/\/www.bigholz.at\/bigbam\/?attachment_id=141\" class=\"wp-image-141\"\/><\/figure><\/li><li class=\"blocks-gallery-item\"><figure><img loading=\"lazy\" decoding=\"async\" width=\"160\" height=\"120\" src=\"http:\/\/www.bigholz.at\/bigbam\/wp-content\/uploads\/2021\/01\/euro_045.jpg\" alt=\"\" data-id=\"142\" data-full-url=\"http:\/\/www.bigholz.at\/bigbam\/wp-content\/uploads\/2021\/01\/euro_045.jpg\" data-link=\"http:\/\/www.bigholz.at\/bigbam\/?attachment_id=142\" class=\"wp-image-142\"\/><\/figure><\/li><li class=\"blocks-gallery-item\"><figure><img loading=\"lazy\" decoding=\"async\" width=\"160\" height=\"120\" src=\"http:\/\/www.bigholz.at\/bigbam\/wp-content\/uploads\/2021\/01\/euro_037.jpg\" alt=\"\" data-id=\"143\" data-full-url=\"http:\/\/www.bigholz.at\/bigbam\/wp-content\/uploads\/2021\/01\/euro_037.jpg\" data-link=\"http:\/\/www.bigholz.at\/bigbam\/?attachment_id=143\" class=\"wp-image-143\"\/><\/figure><\/li><li class=\"blocks-gallery-item\"><figure><img loading=\"lazy\" decoding=\"async\" width=\"160\" height=\"120\" src=\"http:\/\/www.bigholz.at\/bigbam\/wp-content\/uploads\/2021\/01\/euro_036.jpg\" alt=\"\" data-id=\"144\" data-full-url=\"http:\/\/www.bigholz.at\/bigbam\/wp-content\/uploads\/2021\/01\/euro_036.jpg\" data-link=\"http:\/\/www.bigholz.at\/bigbam\/?attachment_id=144\" class=\"wp-image-144\"\/><\/figure><\/li><\/ul><\/figure>\n","protected":false},"excerpt":{"rendered":"<p>Unsere Firma wurde 2011 gegr\u00fcndet und hat seither eine Menge hochqualitativer Arbeiten im \u00f6ffentlichen und gewerblichen, als auch im privaten<\/p>\n","protected":false},"author":1,"featured_media":0,"parent":0,"menu_order":0,"comment_status":"closed","ping_status":"open","template":"","meta":{"footnotes":""},"class_list":["post-2","page","type-page","status-publish","hentry"],"_links":{"self":[{"href":"http:\/\/www.bigbam.at\/index.php?rest_route=\/wp\/v2\/pages\/2","targetHints":{"allow":["GET"]}}],"collection":[{"href":"http:\/\/www.bigbam.at\/index.php?rest_route=\/wp\/v2\/pages"}],"about":[{"href":"http:\/\/www.bigbam.at\/index.php?rest_route=\/wp\/v2\/types\/page"}],"author":[{"embeddable":true,"href":"http:\/\/www.bigbam.at\/index.php?rest_route=\/wp\/v2\/users\/1"}],"replies":[{"embeddable":true,"href":"http:\/\/www.bigbam.at\/index.php?rest_route=%2Fwp%2Fv2%2Fcomments&post=2"}],"version-history":[{"count":10,"href":"http:\/\/www.bigbam.at\/index.php?rest_route=\/wp\/v2\/pages\/2\/revisions"}],"predecessor-version":[{"id":585,"href":"http:\/\/www.bigbam.at\/index.php?rest_route=\/wp\/v2\/pages\/2\/revisions\/585"}],"wp:attachment":[{"href":"http:\/\/www.bigbam.at\/index.php?rest_route=%2Fwp%2Fv2%2Fmedia&parent=2"}],"curies":[{"name":"wp","href":"https:\/\/api.w.org\/{rel}","templated":true}]}}